{"id":1361,"date":"2018-07-17T14:20:58","date_gmt":"2018-07-17T12:20:58","guid":{"rendered":"http:\/\/racinglegendcar.com\/?page_id=1361"},"modified":"2019-08-06T15:02:34","modified_gmt":"2019-08-06T13:02:34","slug":"location-porsche-917-replica-exposition","status":"publish","type":"page","link":"https:\/\/racinglegendcar.com\/en\/location-porsche-917-replica-exposition\/","title":{"rendered":"Exhibition"},"content":{"rendered":"<div data-elementor-type=\"wp-post\" data-elementor-id=\"1361\" class=\"elementor elementor-1361\">\n\t\t\t\t\t\t<section class=\"elementor-section elementor-top-section elementor-element elementor-element-2a8e960 elementor-section-stretched elementor-section-boxed elementor-section-height-default elementor-section-height-default\" data-id=\"2a8e960\" data-element_type=\"section\" data-settings=\"{&quot;background_background&quot;:&quot;classic&quot;,&quot;stretch_section&quot;:&quot;section-stretched&quot;}\">\n\t\t\t\t\t\t\t<div class=\"elementor-background-overlay\"><\/div>\n\t\t\t\t\t\t\t<div class=\"elementor-container elementor-column-gap-default\">\n\t\t\t\t\t<div class=\"elementor-column elementor-col-100 elementor-top-column elementor-element elementor-element-6dd8ef9\" data-id=\"6dd8ef9\" data-element_type=\"column\">\n\t\t\t<div class=\"elementor-widget-wrap elementor-element-populated\">\n\t\t\t\t\t\t<div class=\"elementor-element elementor-element-b18de2b elementor-widget elementor-widget-heading\" data-id=\"b18de2b\" data-element_type=\"widget\" data-widget_type=\"heading.default\">\n\t\t\t\t<div class=\"elementor-widget-container\">\n\t\t\t<h1 class=\"elementor-heading-title elementor-size-default\">Make a splash by renting a 917 for exhibition during all your events! <br>\n<\/h1>\t\t<\/div>\n\t\t\t\t<\/div>\n\t\t\t\t\t<\/div>\n\t\t<\/div>\n\t\t\t\t\t<\/div>\n\t\t<\/section>\n\t\t\t\t<section class=\"elementor-section elementor-top-section elementor-element elementor-element-b2cafce elementor-section-stretched elementor-section-boxed elementor-section-height-default elementor-section-height-default\" data-id=\"b2cafce\" data-element_type=\"section\" data-settings=\"{&quot;background_background&quot;:&quot;classic&quot;,&quot;stretch_section&quot;:&quot;section-stretched&quot;}\">\n\t\t\t\t\t\t<div class=\"elementor-container elementor-column-gap-default\">\n\t\t\t\t\t<div class=\"elementor-column elementor-col-100 elementor-top-column elementor-element elementor-element-574435b\" data-id=\"574435b\" data-element_type=\"column\">\n\t\t\t<div class=\"elementor-widget-wrap elementor-element-populated\">\n\t\t\t\t\t\t<div class=\"elementor-element elementor-element-fe76dcb elementor-widget elementor-widget-heading\" data-id=\"fe76dcb\" data-element_type=\"widget\" data-widget_type=\"heading.default\">\n\t\t\t\t<div class=\"elementor-widget-container\">\n\t\t\t<p class=\"elementor-heading-title elementor-size-default\">Racing Legend Car rent its 917 Replica for exhibition for all your events. Don't hesitate to contact us for any request for quotation. Together we will study the feasibility of your project and try to meet your needs! <\/p>\t\t<\/div>\n\t\t\t\t<\/div>\n\t\t\t\t<div class=\"elementor-element elementor-element-6ed02d2 elementor-widget elementor-widget-spacer\" data-id=\"6ed02d2\" data-element_type=\"widget\" data-widget_type=\"spacer.default\">\n\t\t\t\t<div class=\"elementor-widget-container\">\n\t\t\t\t\t<div class=\"elementor-spacer\">\n\t\t\t<div class=\"elementor-spacer-inner\"><\/div>\n\t\t<\/div>\n\t\t\t\t<\/div>\n\t\t\t\t<\/div>\n\t\t\t\t<div class=\"elementor-element elementor-element-0a2fef1 elementor-align-center elementor-widget elementor-widget-button\" data-id=\"0a2fef1\" data-element_type=\"widget\" data-widget_type=\"button.default\">\n\t\t\t\t<div class=\"elementor-widget-container\">\n\t\t\t\t\t<div class=\"elementor-button-wrapper\">\n\t\t\t<a class=\"elementor-button elementor-button-link elementor-size-sm\" href=\"mailto:contact@racinglegendcar.com\">\n\t\t\t\t\t\t<span class=\"elementor-button-content-wrapper\">\n\t\t\t\t\t\t<span class=\"elementor-button-icon elementor-align-icon-left\">\n\t\t\t\t\t\t\t\t\t<i class=\"fa fa-envelope\" aria-hidden=\"true\"><\/i>\n\t\t\t\t\t\t\t<\/span>\n\t\t\t\t\t\t\t\t\t<span class=\"elementor-button-text\">CONTACT<\/span>\n\t\t\t\t\t<\/span>\n\t\t\t\t\t<\/a>\n\t\t<\/div>\n\t\t\t\t<\/div>\n\t\t\t\t<\/div>\n\t\t\t\t\t<\/div>\n\t\t<\/div>\n\t\t\t\t\t<\/div>\n\t\t<\/section>\n\t\t\t\t<section class=\"elementor-section elementor-top-section elementor-element elementor-element-ff5147d elementor-section-stretched elementor-section-boxed elementor-section-height-default elementor-section-height-default\" data-id=\"ff5147d\" data-element_type=\"section\" data-settings=\"{&quot;background_background&quot;:&quot;classic&quot;,&quot;stretch_section&quot;:&quot;section-stretched&quot;}\">\n\t\t\t\t\t\t<div class=\"elementor-container elementor-column-gap-default\">\n\t\t\t\t\t<div class=\"elementor-column elementor-col-100 elementor-top-column elementor-element elementor-element-afaef84\" data-id=\"afaef84\" data-element_type=\"column\">\n\t\t\t<div class=\"elementor-widget-wrap elementor-element-populated\">\n\t\t\t\t\t\t<div class=\"elementor-element elementor-element-ee6477c elementor-widget elementor-widget-spacer\" data-id=\"ee6477c\" data-element_type=\"widget\" data-widget_type=\"spacer.default\">\n\t\t\t\t<div class=\"elementor-widget-container\">\n\t\t\t\t\t<div class=\"elementor-spacer\">\n\t\t\t<div class=\"elementor-spacer-inner\"><\/div>\n\t\t<\/div>\n\t\t\t\t<\/div>\n\t\t\t\t<\/div>\n\t\t\t\t\t<\/div>\n\t\t<\/div>\n\t\t\t\t\t<\/div>\n\t\t<\/section>\n\t\t\t\t<section class=\"elementor-section elementor-top-section elementor-element elementor-element-8f268da elementor-section-stretched elementor-section-boxed elementor-section-height-default elementor-section-height-default\" data-id=\"8f268da\" data-element_type=\"section\" data-settings=\"{&quot;background_background&quot;:&quot;classic&quot;,&quot;stretch_section&quot;:&quot;section-stretched&quot;}\">\n\t\t\t\t\t\t<div class=\"elementor-container elementor-column-gap-default\">\n\t\t\t\t\t<div class=\"elementor-column elementor-col-50 elementor-top-column elementor-element elementor-element-56346b1\" data-id=\"56346b1\" data-element_type=\"column\">\n\t\t\t<div class=\"elementor-widget-wrap elementor-element-populated\">\n\t\t\t\t\t\t<div class=\"elementor-element elementor-element-f12359a elementor-widget elementor-widget-heading\" data-id=\"f12359a\" data-element_type=\"widget\" data-widget_type=\"heading.default\">\n\t\t\t\t<div class=\"elementor-widget-container\">\n\t\t\t<h2 class=\"elementor-heading-title elementor-size-default\">Private events<\/h2>\t\t<\/div>\n\t\t\t\t<\/div>\n\t\t\t\t<div class=\"elementor-element elementor-element-c950008 elementor-widget elementor-widget-text-editor\" data-id=\"c950008\" data-element_type=\"widget\" data-widget_type=\"text-editor.default\">\n\t\t\t\t<div class=\"elementor-widget-container\">\n\t\t\t\t\t\t\t<p>For weddings, birthday, parties... For all cars lovers, the 917 will make a mark on the brain of you guest same as its make a mark on this era.\u00a0<\/p>\t\t\t\t\t\t<\/div>\n\t\t\t\t<\/div>\n\t\t\t\t<div class=\"elementor-element elementor-element-0ce65b5 elementor-widget elementor-widget-image\" data-id=\"0ce65b5\" data-element_type=\"widget\" data-widget_type=\"image.default\">\n\t\t\t\t<div class=\"elementor-widget-container\">\n\t\t\t\t\t\t\t\t\t\t\t\t\t<img fetchpriority=\"high\" decoding=\"async\" width=\"1024\" height=\"682\" src=\"https:\/\/racinglegendcar.com\/wp-content\/uploads\/2018\/08\/racing-legend-car-porsche-917-replica-classic-grand-tour-chopard-le-mans-1024x682.jpg\" class=\"attachment-large size-large wp-image-1561\" alt=\"\" srcset=\"https:\/\/racinglegendcar.com\/wp-content\/uploads\/2018\/08\/racing-legend-car-porsche-917-replica-classic-grand-tour-chopard-le-mans-1024x682.jpg 1024w, https:\/\/racinglegendcar.com\/wp-content\/uploads\/2018\/08\/racing-legend-car-porsche-917-replica-classic-grand-tour-chopard-le-mans-600x400.jpg 600w, https:\/\/racinglegendcar.com\/wp-content\/uploads\/2018\/08\/racing-legend-car-porsche-917-replica-classic-grand-tour-chopard-le-mans-300x200.jpg 300w, https:\/\/racinglegendcar.com\/wp-content\/uploads\/2018\/08\/racing-legend-car-porsche-917-replica-classic-grand-tour-chopard-le-mans-768x511.jpg 768w, https:\/\/racinglegendcar.com\/wp-content\/uploads\/2018\/08\/racing-legend-car-porsche-917-replica-classic-grand-tour-chopard-le-mans.jpg 1200w\" sizes=\"(max-width: 1024px) 100vw, 1024px\" \/>\t\t\t\t\t\t\t\t\t\t\t\t\t<\/div>\n\t\t\t\t<\/div>\n\t\t\t\t\t<\/div>\n\t\t<\/div>\n\t\t\t\t<div class=\"elementor-column elementor-col-50 elementor-top-column elementor-element elementor-element-be0243a\" data-id=\"be0243a\" data-element_type=\"column\">\n\t\t\t<div class=\"elementor-widget-wrap elementor-element-populated\">\n\t\t\t\t\t\t<div class=\"elementor-element elementor-element-e60514f elementor-widget elementor-widget-heading\" data-id=\"e60514f\" data-element_type=\"widget\" data-widget_type=\"heading.default\">\n\t\t\t\t<div class=\"elementor-widget-container\">\n\t\t\t<h2 class=\"elementor-heading-title elementor-size-default\">Professionnal events<\/h2>\t\t<\/div>\n\t\t\t\t<\/div>\n\t\t\t\t<div class=\"elementor-element elementor-element-284f1bd elementor-widget elementor-widget-text-editor\" data-id=\"284f1bd\" data-element_type=\"widget\" data-widget_type=\"text-editor.default\">\n\t\t\t\t<div class=\"elementor-widget-container\">\n\t\t\t\t\t\t\t<p>For shows, films, shootings photos, seminar and receptions... And for all other events that you realize, we rent our 917\u00a0<\/p>\t\t\t\t\t\t<\/div>\n\t\t\t\t<\/div>\n\t\t\t\t<div class=\"elementor-element elementor-element-bf39ba0 elementor-widget elementor-widget-image\" data-id=\"bf39ba0\" data-element_type=\"widget\" data-widget_type=\"image.default\">\n\t\t\t\t<div class=\"elementor-widget-container\">\n\t\t\t\t\t\t\t\t\t\t\t\t\t<img decoding=\"async\" src=\"https:\/\/racinglegendcar.com\/wp-content\/uploads\/2018\/08\/racing-legend-car-porsche-917-garage-peyrayd-by-julien-pianeta.jpg\" title=\"racing-legend-car-porsche-917-garage-peyrayd-by-julien-pianeta\" alt=\"racing-legend-car-porsche-917-garage-peyrayd-by-julien-pianeta\" loading=\"lazy\" \/>\t\t\t\t\t\t\t\t\t\t\t\t\t<\/div>\n\t\t\t\t<\/div>\n\t\t\t\t\t<\/div>\n\t\t<\/div>\n\t\t\t\t\t<\/div>\n\t\t<\/section>\n\t\t\t\t<\/div>","protected":false},"excerpt":{"rendered":"<p>Faites sensation en louant une 917 pour exposition durant tous vos \u00e9v\u00e9nements ! La soci\u00e9t\u00e9 Racing Legend Car propose sa 917 Replica \u00e0 la location pour exposition pour tous vos \u00e9v\u00e9nements. N&rsquo;h\u00e9sitez pas \u00e0 nous contacter pour toute demande de devis. Nous \u00e9tudierons ensemble la faisabilit\u00e9 de votre projet et tenterons de r\u00e9pondre au mieux [&hellip;]<\/p>\n","protected":false},"author":1,"featured_media":0,"parent":0,"menu_order":0,"comment_status":"closed","ping_status":"closed","template":"","meta":{"_monsterinsights_skip_tracking":false,"_monsterinsights_sitenote_active":false,"_monsterinsights_sitenote_note":"","_monsterinsights_sitenote_category":0,"ocean_post_layout":"","ocean_both_sidebars_style":"","ocean_both_sidebars_content_width":0,"ocean_both_sidebars_sidebars_width":0,"ocean_sidebar":"","ocean_second_sidebar":"","ocean_disable_margins":"enable","ocean_add_body_class":"","ocean_shortcode_before_top_bar":"","ocean_shortcode_after_top_bar":"","ocean_shortcode_before_header":"","ocean_shortcode_after_header":"","ocean_has_shortcode":"","ocean_shortcode_after_title":"","ocean_shortcode_before_footer_widgets":"","ocean_shortcode_after_footer_widgets":"","ocean_shortcode_before_footer_bottom":"","ocean_shortcode_after_footer_bottom":"","ocean_display_top_bar":"default","ocean_display_header":"default","ocean_header_style":"","ocean_center_header_left_menu":"","ocean_custom_header_template":"","ocean_custom_logo":0,"ocean_custom_retina_logo":0,"ocean_custom_logo_max_width":0,"ocean_custom_logo_tablet_max_width":0,"ocean_custom_logo_mobile_max_width":0,"ocean_custom_logo_max_height":0,"ocean_custom_logo_tablet_max_height":0,"ocean_custom_logo_mobile_max_height":0,"ocean_header_custom_menu":"","ocean_menu_typo_font_family":"","ocean_menu_typo_font_subset":"","ocean_menu_typo_font_size":0,"ocean_menu_typo_font_size_tablet":0,"ocean_menu_typo_font_size_mobile":0,"ocean_menu_typo_font_size_unit":"px","ocean_menu_typo_font_weight":"","ocean_menu_typo_font_weight_tablet":"","ocean_menu_typo_font_weight_mobile":"","ocean_menu_typo_transform":"","ocean_menu_typo_transform_tablet":"","ocean_menu_typo_transform_mobile":"","ocean_menu_typo_line_height":0,"ocean_menu_typo_line_height_tablet":0,"ocean_menu_typo_line_height_mobile":0,"ocean_menu_typo_line_height_unit":"","ocean_menu_typo_spacing":0,"ocean_menu_typo_spacing_tablet":0,"ocean_menu_typo_spacing_mobile":0,"ocean_menu_typo_spacing_unit":"","ocean_menu_link_color":"","ocean_menu_link_color_hover":"","ocean_menu_link_color_active":"","ocean_menu_link_background":"","ocean_menu_link_hover_background":"","ocean_menu_link_active_background":"","ocean_menu_social_links_bg":"","ocean_menu_social_hover_links_bg":"","ocean_menu_social_links_color":"","ocean_menu_social_hover_links_color":"","ocean_disable_title":"default","ocean_disable_heading":"default","ocean_post_title":"","ocean_post_subheading":"","ocean_post_title_style":"","ocean_post_title_background_color":"","ocean_post_title_background":0,"ocean_post_title_bg_image_position":"","ocean_post_title_bg_image_attachment":"","ocean_post_title_bg_image_repeat":"","ocean_post_title_bg_image_size":"","ocean_post_title_height":0,"ocean_post_title_bg_overlay":0.5,"ocean_post_title_bg_overlay_color":"","ocean_disable_breadcrumbs":"default","ocean_breadcrumbs_color":"","ocean_breadcrumbs_separator_color":"","ocean_breadcrumbs_links_color":"","ocean_breadcrumbs_links_hover_color":"","ocean_display_footer_widgets":"default","ocean_display_footer_bottom":"default","ocean_custom_footer_template":"","footnotes":""},"yoast_head":"<!-- This site is optimized with the Yoast SEO plugin v24.5 - https:\/\/yoast.com\/wordpress\/plugins\/seo\/ -->\n<title>Racing Legend Car - Exposition pour exposition en France et en Europe<\/title>\n<meta name=\"description\" content=\"La soci\u00e9t\u00e9 Racing Legend Car vous propose un service de location pour exposition : une magnifique Porsche 917 Replica num\u00e9ro 23 rouge\" \/>\n<meta name=\"robots\" content=\"index, follow, max-snippet:-1, max-image-preview:large, max-video-preview:-1\" \/>\n<link rel=\"canonical\" href=\"https:\/\/racinglegendcar.com\/en\/location-porsche-917-replica-exposition\/\" \/>\n<meta property=\"og:locale\" content=\"en_GB\" \/>\n<meta property=\"og:type\" content=\"article\" \/>\n<meta property=\"og:title\" content=\"Racing Legend Car - Exposition pour exposition en France et en Europe\" \/>\n<meta property=\"og:description\" content=\"La soci\u00e9t\u00e9 Racing Legend Car vous propose un service de location pour exposition : une magnifique Porsche 917 Replica num\u00e9ro 23 rouge\" \/>\n<meta property=\"og:url\" content=\"https:\/\/racinglegendcar.com\/en\/location-porsche-917-replica-exposition\/\" \/>\n<meta property=\"og:site_name\" content=\"Racing Legend Car\" \/>\n<meta property=\"article:modified_time\" content=\"2019-08-06T13:02:34+00:00\" \/>\n<meta property=\"og:image\" content=\"https:\/\/racinglegendcar.com\/wp-content\/uploads\/2018\/08\/racing-legend-car-porsche-917-replica-classic-grand-tour-chopard-le-mans-1024x682.jpg\" \/>\n<meta name=\"twitter:card\" content=\"summary_large_image\" \/>\n<meta name=\"twitter:label1\" content=\"Estimated reading time\" \/>\n\t<meta name=\"twitter:data1\" content=\"1 minute\" \/>\n<script type=\"application\/ld+json\" class=\"yoast-schema-graph\">{\"@context\":\"https:\/\/schema.org\",\"@graph\":[{\"@type\":\"WebPage\",\"@id\":\"https:\/\/racinglegendcar.com\/location-porsche-917-replica-exposition\/\",\"url\":\"https:\/\/racinglegendcar.com\/location-porsche-917-replica-exposition\/\",\"name\":\"Racing Legend Car - Exposition pour exposition en France et en Europe\",\"isPartOf\":{\"@id\":\"https:\/\/racinglegendcar.com\/#website\"},\"primaryImageOfPage\":{\"@id\":\"https:\/\/racinglegendcar.com\/location-porsche-917-replica-exposition\/#primaryimage\"},\"image\":{\"@id\":\"https:\/\/racinglegendcar.com\/location-porsche-917-replica-exposition\/#primaryimage\"},\"thumbnailUrl\":\"https:\/\/racinglegendcar.com\/wp-content\/uploads\/2018\/08\/racing-legend-car-porsche-917-replica-classic-grand-tour-chopard-le-mans-1024x682.jpg\",\"datePublished\":\"2018-07-17T12:20:58+00:00\",\"dateModified\":\"2019-08-06T13:02:34+00:00\",\"description\":\"La soci\u00e9t\u00e9 Racing Legend Car vous propose un service de location pour exposition : une magnifique Porsche 917 Replica num\u00e9ro 23 rouge\",\"breadcrumb\":{\"@id\":\"https:\/\/racinglegendcar.com\/location-porsche-917-replica-exposition\/#breadcrumb\"},\"inLanguage\":\"en-GB\",\"potentialAction\":[{\"@type\":\"ReadAction\",\"target\":[\"https:\/\/racinglegendcar.com\/location-porsche-917-replica-exposition\/\"]}]},{\"@type\":\"ImageObject\",\"inLanguage\":\"en-GB\",\"@id\":\"https:\/\/racinglegendcar.com\/location-porsche-917-replica-exposition\/#primaryimage\",\"url\":\"https:\/\/racinglegendcar.com\/wp-content\/uploads\/2018\/08\/racing-legend-car-porsche-917-replica-classic-grand-tour-chopard-le-mans-1024x682.jpg\",\"contentUrl\":\"https:\/\/racinglegendcar.com\/wp-content\/uploads\/2018\/08\/racing-legend-car-porsche-917-replica-classic-grand-tour-chopard-le-mans-1024x682.jpg\"},{\"@type\":\"BreadcrumbList\",\"@id\":\"https:\/\/racinglegendcar.com\/location-porsche-917-replica-exposition\/#breadcrumb\",\"itemListElement\":[{\"@type\":\"ListItem\",\"position\":1,\"name\":\"Accueil\",\"item\":\"https:\/\/racinglegendcar.com\/\"},{\"@type\":\"ListItem\",\"position\":2,\"name\":\"Exposition\"}]},{\"@type\":\"WebSite\",\"@id\":\"https:\/\/racinglegendcar.com\/#website\",\"url\":\"https:\/\/racinglegendcar.com\/\",\"name\":\"Racing Legend Car\",\"description\":\"Cr\u00e9ateur d&#039;adr\u00e9naline\",\"publisher\":{\"@id\":\"https:\/\/racinglegendcar.com\/#organization\"},\"potentialAction\":[{\"@type\":\"SearchAction\",\"target\":{\"@type\":\"EntryPoint\",\"urlTemplate\":\"https:\/\/racinglegendcar.com\/?s={search_term_string}\"},\"query-input\":{\"@type\":\"PropertyValueSpecification\",\"valueRequired\":true,\"valueName\":\"search_term_string\"}}],\"inLanguage\":\"en-GB\"},{\"@type\":\"Organization\",\"@id\":\"https:\/\/racinglegendcar.com\/#organization\",\"name\":\"Racing Legend Car\",\"url\":\"https:\/\/racinglegendcar.com\/\",\"logo\":{\"@type\":\"ImageObject\",\"inLanguage\":\"en-GB\",\"@id\":\"https:\/\/racinglegendcar.com\/#\/schema\/logo\/image\/\",\"url\":\"https:\/\/racinglegendcar.com\/wp-content\/uploads\/2019\/07\/Racing-legend-car-porsche-917-replica-logo.png\",\"contentUrl\":\"https:\/\/racinglegendcar.com\/wp-content\/uploads\/2019\/07\/Racing-legend-car-porsche-917-replica-logo.png\",\"width\":150,\"height\":83,\"caption\":\"Racing Legend Car\"},\"image\":{\"@id\":\"https:\/\/racinglegendcar.com\/#\/schema\/logo\/image\/\"}}]}<\/script>\n<!-- \/ Yoast SEO plugin. -->","yoast_head_json":{"title":"Racing Legend Car - Exposition pour exposition en France et en Europe","description":"La soci\u00e9t\u00e9 Racing Legend Car vous propose un service de location pour exposition : une magnifique Porsche 917 Replica num\u00e9ro 23 rouge","robots":{"index":"index","follow":"follow","max-snippet":"max-snippet:-1","max-image-preview":"max-image-preview:large","max-video-preview":"max-video-preview:-1"},"canonical":"https:\/\/racinglegendcar.com\/en\/location-porsche-917-replica-exposition\/","og_locale":"en_GB","og_type":"article","og_title":"Racing Legend Car - Exposition pour exposition en France et en Europe","og_description":"La soci\u00e9t\u00e9 Racing Legend Car vous propose un service de location pour exposition : une magnifique Porsche 917 Replica num\u00e9ro 23 rouge","og_url":"https:\/\/racinglegendcar.com\/en\/location-porsche-917-replica-exposition\/","og_site_name":"Racing Legend Car","article_modified_time":"2019-08-06T13:02:34+00:00","og_image":[{"url":"https:\/\/racinglegendcar.com\/wp-content\/uploads\/2018\/08\/racing-legend-car-porsche-917-replica-classic-grand-tour-chopard-le-mans-1024x682.jpg","type":"","width":"","height":""}],"twitter_card":"summary_large_image","twitter_misc":{"Estimated reading time":"1 minute"},"schema":{"@context":"https:\/\/schema.org","@graph":[{"@type":"WebPage","@id":"https:\/\/racinglegendcar.com\/location-porsche-917-replica-exposition\/","url":"https:\/\/racinglegendcar.com\/location-porsche-917-replica-exposition\/","name":"Racing Legend Car - Exposition pour exposition en France et en Europe","isPartOf":{"@id":"https:\/\/racinglegendcar.com\/#website"},"primaryImageOfPage":{"@id":"https:\/\/racinglegendcar.com\/location-porsche-917-replica-exposition\/#primaryimage"},"image":{"@id":"https:\/\/racinglegendcar.com\/location-porsche-917-replica-exposition\/#primaryimage"},"thumbnailUrl":"https:\/\/racinglegendcar.com\/wp-content\/uploads\/2018\/08\/racing-legend-car-porsche-917-replica-classic-grand-tour-chopard-le-mans-1024x682.jpg","datePublished":"2018-07-17T12:20:58+00:00","dateModified":"2019-08-06T13:02:34+00:00","description":"La soci\u00e9t\u00e9 Racing Legend Car vous propose un service de location pour exposition : une magnifique Porsche 917 Replica num\u00e9ro 23 rouge","breadcrumb":{"@id":"https:\/\/racinglegendcar.com\/location-porsche-917-replica-exposition\/#breadcrumb"},"inLanguage":"en-GB","potentialAction":[{"@type":"ReadAction","target":["https:\/\/racinglegendcar.com\/location-porsche-917-replica-exposition\/"]}]},{"@type":"ImageObject","inLanguage":"en-GB","@id":"https:\/\/racinglegendcar.com\/location-porsche-917-replica-exposition\/#primaryimage","url":"https:\/\/racinglegendcar.com\/wp-content\/uploads\/2018\/08\/racing-legend-car-porsche-917-replica-classic-grand-tour-chopard-le-mans-1024x682.jpg","contentUrl":"https:\/\/racinglegendcar.com\/wp-content\/uploads\/2018\/08\/racing-legend-car-porsche-917-replica-classic-grand-tour-chopard-le-mans-1024x682.jpg"},{"@type":"BreadcrumbList","@id":"https:\/\/racinglegendcar.com\/location-porsche-917-replica-exposition\/#breadcrumb","itemListElement":[{"@type":"ListItem","position":1,"name":"Accueil","item":"https:\/\/racinglegendcar.com\/"},{"@type":"ListItem","position":2,"name":"Exposition"}]},{"@type":"WebSite","@id":"https:\/\/racinglegendcar.com\/#website","url":"https:\/\/racinglegendcar.com\/","name":"Racing Legend Car","description":"Cr\u00e9ateur d&#039;adr\u00e9naline","publisher":{"@id":"https:\/\/racinglegendcar.com\/#organization"},"potentialAction":[{"@type":"SearchAction","target":{"@type":"EntryPoint","urlTemplate":"https:\/\/racinglegendcar.com\/?s={search_term_string}"},"query-input":{"@type":"PropertyValueSpecification","valueRequired":true,"valueName":"search_term_string"}}],"inLanguage":"en-GB"},{"@type":"Organization","@id":"https:\/\/racinglegendcar.com\/#organization","name":"Racing Legend Car","url":"https:\/\/racinglegendcar.com\/","logo":{"@type":"ImageObject","inLanguage":"en-GB","@id":"https:\/\/racinglegendcar.com\/#\/schema\/logo\/image\/","url":"https:\/\/racinglegendcar.com\/wp-content\/uploads\/2019\/07\/Racing-legend-car-porsche-917-replica-logo.png","contentUrl":"https:\/\/racinglegendcar.com\/wp-content\/uploads\/2019\/07\/Racing-legend-car-porsche-917-replica-logo.png","width":150,"height":83,"caption":"Racing Legend Car"},"image":{"@id":"https:\/\/racinglegendcar.com\/#\/schema\/logo\/image\/"}}]}},"_links":{"self":[{"href":"https:\/\/racinglegendcar.com\/en\/wp-json\/wp\/v2\/pages\/1361"}],"collection":[{"href":"https:\/\/racinglegendcar.com\/en\/wp-json\/wp\/v2\/pages"}],"about":[{"href":"https:\/\/racinglegendcar.com\/en\/wp-json\/wp\/v2\/types\/page"}],"author":[{"embeddable":true,"href":"https:\/\/racinglegendcar.com\/en\/wp-json\/wp\/v2\/users\/1"}],"replies":[{"embeddable":true,"href":"https:\/\/racinglegendcar.com\/en\/wp-json\/wp\/v2\/comments?post=1361"}],"version-history":[{"count":23,"href":"https:\/\/racinglegendcar.com\/en\/wp-json\/wp\/v2\/pages\/1361\/revisions"}],"predecessor-version":[{"id":2860,"href":"https:\/\/racinglegendcar.com\/en\/wp-json\/wp\/v2\/pages\/1361\/revisions\/2860"}],"wp:attachment":[{"href":"https:\/\/racinglegendcar.com\/en\/wp-json\/wp\/v2\/media?parent=1361"}],"curies":[{"name":"wp","href":"https:\/\/api.w.org\/{rel}","templated":true}]}}