{"id":2050,"date":"2018-12-10T14:15:42","date_gmt":"2018-12-10T13:15:42","guid":{"rendered":"https:\/\/racinglegendcar.com\/?page_id=2050"},"modified":"2020-11-12T11:06:11","modified_gmt":"2020-11-12T10:06:11","slug":"location-porsche-917-replica-courses","status":"publish","type":"page","link":"https:\/\/racinglegendcar.com\/en\/location-porsche-917-replica-courses\/","title":{"rendered":"917 experience"},"content":{"rendered":"<div data-elementor-type=\"wp-post\" data-elementor-id=\"2050\" class=\"elementor elementor-2050\">\n\t\t\t\t\t\t<section class=\"elementor-section elementor-top-section elementor-element elementor-element-17b7a299 elementor-section-full_width elementor-section-content-middle elementor-section-stretched elementor-section-height-default elementor-section-height-default\" data-id=\"17b7a299\" data-element_type=\"section\" data-settings=\"{&quot;background_background&quot;:&quot;classic&quot;,&quot;stretch_section&quot;:&quot;section-stretched&quot;}\">\n\t\t\t\t\t\t\t<div class=\"elementor-background-overlay\"><\/div>\n\t\t\t\t\t\t\t<div class=\"elementor-container elementor-column-gap-default\">\n\t\t\t\t\t<div class=\"elementor-column elementor-col-100 elementor-top-column elementor-element elementor-element-7ac231f5\" data-id=\"7ac231f5\" data-element_type=\"column\">\n\t\t\t<div class=\"elementor-widget-wrap elementor-element-populated\">\n\t\t\t\t\t\t<div class=\"elementor-element elementor-element-fa4113e elementor-widget elementor-widget-image\" data-id=\"fa4113e\" data-element_type=\"widget\" data-widget_type=\"image.default\">\n\t\t\t\t<div class=\"elementor-widget-container\">\n\t\t\t\t\t\t\t\t\t\t\t\t\t\t<a href=\"https:\/\/917experience.racinglegendcar.com\/\">\n\t\t\t\t\t\t\t<img decoding=\"async\" width=\"300\" height=\"122\" src=\"https:\/\/racinglegendcar.com\/wp-content\/uploads\/2019\/01\/Logo-917-experience-blanc-et-rouge-300x122.png\" class=\"attachment-medium size-medium wp-image-2339\" alt=\"\" srcset=\"https:\/\/racinglegendcar.com\/wp-content\/uploads\/2019\/01\/Logo-917-experience-blanc-et-rouge-300x122.png 300w, https:\/\/racinglegendcar.com\/wp-content\/uploads\/2019\/01\/Logo-917-experience-blanc-et-rouge-768x311.png 768w, https:\/\/racinglegendcar.com\/wp-content\/uploads\/2019\/01\/Logo-917-experience-blanc-et-rouge.png 881w\" sizes=\"(max-width: 300px) 100vw, 300px\" \/>\t\t\t\t\t\t\t\t<\/a>\n\t\t\t\t\t\t\t\t\t\t\t\t\t<\/div>\n\t\t\t\t<\/div>\n\t\t\t\t<div class=\"elementor-element elementor-element-b1e2eb8 elementor-widget elementor-widget-heading\" data-id=\"b1e2eb8\" data-element_type=\"widget\" data-widget_type=\"heading.default\">\n\t\t\t\t<div class=\"elementor-widget-container\">\n\t\t\t<h1 class=\"elementor-heading-title elementor-size-large\"><a href=\"https:\/\/917experience.racinglegendcar.com\/\">Entrez dans la l\u00e9gende \n&\nR\u00e9\u00e9crivez l'histoire<\/a><\/h1>\t\t<\/div>\n\t\t\t\t<\/div>\n\t\t\t\t\t<\/div>\n\t\t<\/div>\n\t\t\t\t\t<\/div>\n\t\t<\/section>\n\t\t\t\t<section class=\"elementor-section elementor-top-section elementor-element elementor-element-0aae3d7 elementor-section-stretched elementor-section-boxed elementor-section-height-default elementor-section-height-default\" data-id=\"0aae3d7\" data-element_type=\"section\" data-settings=\"{&quot;background_background&quot;:&quot;classic&quot;,&quot;stretch_section&quot;:&quot;section-stretched&quot;}\">\n\t\t\t\t\t\t<div class=\"elementor-container elementor-column-gap-wide\">\n\t\t\t\t\t<div class=\"elementor-column elementor-col-100 elementor-top-column elementor-element elementor-element-8e0d104\" data-id=\"8e0d104\" data-element_type=\"column\">\n\t\t\t<div class=\"elementor-widget-wrap elementor-element-populated\">\n\t\t\t\t\t\t<section class=\"elementor-section elementor-inner-section elementor-element elementor-element-a7cf4da elementor-section-boxed elementor-section-height-default elementor-section-height-default\" data-id=\"a7cf4da\" data-element_type=\"section\">\n\t\t\t\t\t\t<div class=\"elementor-container elementor-column-gap-wide\">\n\t\t\t\t\t<div class=\"elementor-column elementor-col-50 elementor-inner-column elementor-element elementor-element-17c417d\" data-id=\"17c417d\" data-element_type=\"column\">\n\t\t\t<div class=\"elementor-widget-wrap elementor-element-populated\">\n\t\t\t\t\t\t<div class=\"elementor-element elementor-element-3e04537 elementor-widget elementor-widget-text-editor\" data-id=\"3e04537\" data-element_type=\"widget\" data-widget_type=\"text-editor.default\">\n\t\t\t\t<div class=\"elementor-widget-container\">\n\t\t\t\t\t\t\t<p>The Porsche 917 is certainly one of the most mythical cars in the history of the car. Unfortunately for lovers of beautiful cars<span style=\"font-size: 14px;\">, prendre le volant de cette voiture est aujourd&rsquo;hui r\u00e9serv\u00e9s \u00e0 quelques privil\u00e9gi\u00e9s s\u00e9lectionn\u00e9s pour leur dext\u00e9rit\u00e9 et leur comp\u00e9tences en pilotage. Passionn\u00e9s de voiture de course et de prestige, nous avons \u00e0 c\u0153ur de faire revivre les ann\u00e9es glorieuses de la 917 en vous offrant la possibilit\u00e9 de piloter notre r\u00e9plique le temps d&rsquo;une course.<\/span><\/p>\t\t\t\t\t\t<\/div>\n\t\t\t\t<\/div>\n\t\t\t\t\t<\/div>\n\t\t<\/div>\n\t\t\t\t<div class=\"elementor-column elementor-col-50 elementor-inner-column elementor-element elementor-element-3277850\" data-id=\"3277850\" data-element_type=\"column\">\n\t\t\t<div class=\"elementor-widget-wrap elementor-element-populated\">\n\t\t\t\t\t\t<div class=\"elementor-element elementor-element-0744908 elementor-widget elementor-widget-text-editor\" data-id=\"0744908\" data-element_type=\"widget\" data-widget_type=\"text-editor.default\">\n\t\t\t\t<div class=\"elementor-widget-container\">\n\t\t\t\t\t\t\t<p><span style=\"font-size: 14px;\">More than just driving seesion, our rental sessions are the place for passionate people from all over Europe to meet, moments of exchange and sharing that you will remember for a long time! Join us for a day or more and take part in the 917 Experience, a true immersion and leap back at the heart of the circuit of your choice.<\/span><\/p>\t\t\t\t\t\t<\/div>\n\t\t\t\t<\/div>\n\t\t\t\t\t<\/div>\n\t\t<\/div>\n\t\t\t\t\t<\/div>\n\t\t<\/section>\n\t\t\t\t<div class=\"elementor-element elementor-element-c5630e1 elementor-align-center elementor-widget elementor-widget-button\" data-id=\"c5630e1\" data-element_type=\"widget\" data-widget_type=\"button.default\">\n\t\t\t\t<div class=\"elementor-widget-container\">\n\t\t\t\t\t<div class=\"elementor-button-wrapper\">\n\t\t\t<a class=\"elementor-button elementor-button-link elementor-size-sm\" href=\"https:\/\/917experience.racinglegendcar.com\/\">\n\t\t\t\t\t\t<span class=\"elementor-button-content-wrapper\">\n\t\t\t\t\t\t\t\t\t<span class=\"elementor-button-text\">about<\/span>\n\t\t\t\t\t<\/span>\n\t\t\t\t\t<\/a>\n\t\t<\/div>\n\t\t\t\t<\/div>\n\t\t\t\t<\/div>\n\t\t\t\t\t<\/div>\n\t\t<\/div>\n\t\t\t\t\t<\/div>\n\t\t<\/section>\n\t\t\t\t<\/div>","protected":false},"excerpt":{"rendered":"<p>Entrez dans la l\u00e9gende &#038; R\u00e9\u00e9crivez l&rsquo;histoire La Porsche 917 est assur\u00e9ment une voiture parmi les plus mythiques dans l&rsquo;histoire de l&rsquo;automobile. Malheureusement pour les amateurs de belles auto, prendre le volant de cette voiture est aujourd&rsquo;hui r\u00e9serv\u00e9s \u00e0 quelques privil\u00e9gi\u00e9s s\u00e9lectionn\u00e9s pour leur dext\u00e9rit\u00e9 et leur comp\u00e9tences en pilotage. Passionn\u00e9s de voiture de course [&hellip;]<\/p>\n","protected":false},"author":1,"featured_media":0,"parent":0,"menu_order":0,"comment_status":"closed","ping_status":"closed","template":"","meta":{"_monsterinsights_skip_tracking":false,"_monsterinsights_sitenote_active":false,"_monsterinsights_sitenote_note":"","_monsterinsights_sitenote_category":0,"ocean_post_layout":"","ocean_both_sidebars_style":"","ocean_both_sidebars_content_width":0,"ocean_both_sidebars_sidebars_width":0,"ocean_sidebar":"","ocean_second_sidebar":"","ocean_disable_margins":"enable","ocean_add_body_class":"","ocean_shortcode_before_top_bar":"","ocean_shortcode_after_top_bar":"","ocean_shortcode_before_header":"","ocean_shortcode_after_header":"","ocean_has_shortcode":"","ocean_shortcode_after_title":"","ocean_shortcode_before_footer_widgets":"","ocean_shortcode_after_footer_widgets":"","ocean_shortcode_before_footer_bottom":"","ocean_shortcode_after_footer_bottom":"","ocean_display_top_bar":"default","ocean_display_header":"default","ocean_header_style":"","ocean_center_header_left_menu":"","ocean_custom_header_template":"","ocean_custom_logo":0,"ocean_custom_retina_logo":0,"ocean_custom_logo_max_width":0,"ocean_custom_logo_tablet_max_width":0,"ocean_custom_logo_mobile_max_width":0,"ocean_custom_logo_max_height":0,"ocean_custom_logo_tablet_max_height":0,"ocean_custom_logo_mobile_max_height":0,"ocean_header_custom_menu":"","ocean_menu_typo_font_family":"","ocean_menu_typo_font_subset":"","ocean_menu_typo_font_size":0,"ocean_menu_typo_font_size_tablet":0,"ocean_menu_typo_font_size_mobile":0,"ocean_menu_typo_font_size_unit":"px","ocean_menu_typo_font_weight":"","ocean_menu_typo_font_weight_tablet":"","ocean_menu_typo_font_weight_mobile":"","ocean_menu_typo_transform":"","ocean_menu_typo_transform_tablet":"","ocean_menu_typo_transform_mobile":"","ocean_menu_typo_line_height":0,"ocean_menu_typo_line_height_tablet":0,"ocean_menu_typo_line_height_mobile":0,"ocean_menu_typo_line_height_unit":"","ocean_menu_typo_spacing":0,"ocean_menu_typo_spacing_tablet":0,"ocean_menu_typo_spacing_mobile":0,"ocean_menu_typo_spacing_unit":"","ocean_menu_link_color":"","ocean_menu_link_color_hover":"","ocean_menu_link_color_active":"","ocean_menu_link_background":"","ocean_menu_link_hover_background":"","ocean_menu_link_active_background":"","ocean_menu_social_links_bg":"","ocean_menu_social_hover_links_bg":"","ocean_menu_social_links_color":"","ocean_menu_social_hover_links_color":"","ocean_disable_title":"default","ocean_disable_heading":"default","ocean_post_title":"","ocean_post_subheading":"","ocean_post_title_style":"","ocean_post_title_background_color":"","ocean_post_title_background":0,"ocean_post_title_bg_image_position":"","ocean_post_title_bg_image_attachment":"","ocean_post_title_bg_image_repeat":"","ocean_post_title_bg_image_size":"","ocean_post_title_height":0,"ocean_post_title_bg_overlay":0.5,"ocean_post_title_bg_overlay_color":"","ocean_disable_breadcrumbs":"default","ocean_breadcrumbs_color":"","ocean_breadcrumbs_separator_color":"","ocean_breadcrumbs_links_color":"","ocean_breadcrumbs_links_hover_color":"","ocean_display_footer_widgets":"default","ocean_display_footer_bottom":"default","ocean_custom_footer_template":"","footnotes":""},"yoast_head":"<!-- This site is optimized with the Yoast SEO plugin v24.5 - https:\/\/yoast.com\/wordpress\/plugins\/seo\/ -->\n<title>917 exp\u00e9rience - Racing Legend Car<\/title>\n<meta name=\"description\" content=\"Racing Legend Car vous propose une Porsche 917 Replica \u00e0 la location pour les courses automobiles du circuit Porsche Classic Series\" \/>\n<meta name=\"robots\" content=\"index, follow, max-snippet:-1, max-image-preview:large, max-video-preview:-1\" \/>\n<link rel=\"canonical\" href=\"https:\/\/racinglegendcar.com\/en\/location-porsche-917-replica-courses\/\" \/>\n<meta property=\"og:locale\" content=\"en_GB\" \/>\n<meta property=\"og:type\" content=\"article\" \/>\n<meta property=\"og:title\" content=\"917 exp\u00e9rience - Racing Legend Car\" \/>\n<meta property=\"og:description\" content=\"Racing Legend Car vous propose une Porsche 917 Replica \u00e0 la location pour les courses automobiles du circuit Porsche Classic Series\" \/>\n<meta property=\"og:url\" content=\"https:\/\/racinglegendcar.com\/en\/location-porsche-917-replica-courses\/\" \/>\n<meta property=\"og:site_name\" content=\"Racing Legend Car\" \/>\n<meta property=\"article:modified_time\" content=\"2020-11-12T10:06:11+00:00\" \/>\n<meta property=\"og:image\" content=\"https:\/\/racinglegendcar.com\/wp-content\/uploads\/2019\/01\/Logo-917-experience-blanc-et-rouge-300x122.png\" \/>\n<meta name=\"twitter:card\" content=\"summary_large_image\" \/>\n<meta name=\"twitter:label1\" content=\"Estimated reading time\" \/>\n\t<meta name=\"twitter:data1\" content=\"1 minute\" \/>\n<script type=\"application\/ld+json\" class=\"yoast-schema-graph\">{\"@context\":\"https:\/\/schema.org\",\"@graph\":[{\"@type\":\"WebPage\",\"@id\":\"https:\/\/racinglegendcar.com\/location-porsche-917-replica-courses\/\",\"url\":\"https:\/\/racinglegendcar.com\/location-porsche-917-replica-courses\/\",\"name\":\"917 exp\u00e9rience - Racing Legend Car\",\"isPartOf\":{\"@id\":\"https:\/\/racinglegendcar.com\/#website\"},\"primaryImageOfPage\":{\"@id\":\"https:\/\/racinglegendcar.com\/location-porsche-917-replica-courses\/#primaryimage\"},\"image\":{\"@id\":\"https:\/\/racinglegendcar.com\/location-porsche-917-replica-courses\/#primaryimage\"},\"thumbnailUrl\":\"https:\/\/racinglegendcar.com\/wp-content\/uploads\/2019\/01\/Logo-917-experience-blanc-et-rouge-300x122.png\",\"datePublished\":\"2018-12-10T13:15:42+00:00\",\"dateModified\":\"2020-11-12T10:06:11+00:00\",\"description\":\"Racing Legend Car vous propose une Porsche 917 Replica \u00e0 la location pour les courses automobiles du circuit Porsche Classic Series\",\"breadcrumb\":{\"@id\":\"https:\/\/racinglegendcar.com\/location-porsche-917-replica-courses\/#breadcrumb\"},\"inLanguage\":\"en-GB\",\"potentialAction\":[{\"@type\":\"ReadAction\",\"target\":[\"https:\/\/racinglegendcar.com\/location-porsche-917-replica-courses\/\"]}]},{\"@type\":\"ImageObject\",\"inLanguage\":\"en-GB\",\"@id\":\"https:\/\/racinglegendcar.com\/location-porsche-917-replica-courses\/#primaryimage\",\"url\":\"https:\/\/racinglegendcar.com\/wp-content\/uploads\/2019\/01\/Logo-917-experience-blanc-et-rouge-300x122.png\",\"contentUrl\":\"https:\/\/racinglegendcar.com\/wp-content\/uploads\/2019\/01\/Logo-917-experience-blanc-et-rouge-300x122.png\"},{\"@type\":\"BreadcrumbList\",\"@id\":\"https:\/\/racinglegendcar.com\/location-porsche-917-replica-courses\/#breadcrumb\",\"itemListElement\":[{\"@type\":\"ListItem\",\"position\":1,\"name\":\"Accueil\",\"item\":\"https:\/\/racinglegendcar.com\/\"},{\"@type\":\"ListItem\",\"position\":2,\"name\":\"917 exp\u00e9rience\"}]},{\"@type\":\"WebSite\",\"@id\":\"https:\/\/racinglegendcar.com\/#website\",\"url\":\"https:\/\/racinglegendcar.com\/\",\"name\":\"Racing Legend Car\",\"description\":\"Cr\u00e9ateur d&#039;adr\u00e9naline\",\"publisher\":{\"@id\":\"https:\/\/racinglegendcar.com\/#organization\"},\"potentialAction\":[{\"@type\":\"SearchAction\",\"target\":{\"@type\":\"EntryPoint\",\"urlTemplate\":\"https:\/\/racinglegendcar.com\/?s={search_term_string}\"},\"query-input\":{\"@type\":\"PropertyValueSpecification\",\"valueRequired\":true,\"valueName\":\"search_term_string\"}}],\"inLanguage\":\"en-GB\"},{\"@type\":\"Organization\",\"@id\":\"https:\/\/racinglegendcar.com\/#organization\",\"name\":\"Racing Legend Car\",\"url\":\"https:\/\/racinglegendcar.com\/\",\"logo\":{\"@type\":\"ImageObject\",\"inLanguage\":\"en-GB\",\"@id\":\"https:\/\/racinglegendcar.com\/#\/schema\/logo\/image\/\",\"url\":\"https:\/\/racinglegendcar.com\/wp-content\/uploads\/2019\/07\/Racing-legend-car-porsche-917-replica-logo.png\",\"contentUrl\":\"https:\/\/racinglegendcar.com\/wp-content\/uploads\/2019\/07\/Racing-legend-car-porsche-917-replica-logo.png\",\"width\":150,\"height\":83,\"caption\":\"Racing Legend Car\"},\"image\":{\"@id\":\"https:\/\/racinglegendcar.com\/#\/schema\/logo\/image\/\"}}]}<\/script>\n<!-- \/ Yoast SEO plugin. -->","yoast_head_json":{"title":"917 exp\u00e9rience - Racing Legend Car","description":"Racing Legend Car vous propose une Porsche 917 Replica \u00e0 la location pour les courses automobiles du circuit Porsche Classic Series","robots":{"index":"index","follow":"follow","max-snippet":"max-snippet:-1","max-image-preview":"max-image-preview:large","max-video-preview":"max-video-preview:-1"},"canonical":"https:\/\/racinglegendcar.com\/en\/location-porsche-917-replica-courses\/","og_locale":"en_GB","og_type":"article","og_title":"917 exp\u00e9rience - Racing Legend Car","og_description":"Racing Legend Car vous propose une Porsche 917 Replica \u00e0 la location pour les courses automobiles du circuit Porsche Classic Series","og_url":"https:\/\/racinglegendcar.com\/en\/location-porsche-917-replica-courses\/","og_site_name":"Racing Legend Car","article_modified_time":"2020-11-12T10:06:11+00:00","og_image":[{"url":"https:\/\/racinglegendcar.com\/wp-content\/uploads\/2019\/01\/Logo-917-experience-blanc-et-rouge-300x122.png","type":"","width":"","height":""}],"twitter_card":"summary_large_image","twitter_misc":{"Estimated reading time":"1 minute"},"schema":{"@context":"https:\/\/schema.org","@graph":[{"@type":"WebPage","@id":"https:\/\/racinglegendcar.com\/location-porsche-917-replica-courses\/","url":"https:\/\/racinglegendcar.com\/location-porsche-917-replica-courses\/","name":"917 exp\u00e9rience - Racing Legend Car","isPartOf":{"@id":"https:\/\/racinglegendcar.com\/#website"},"primaryImageOfPage":{"@id":"https:\/\/racinglegendcar.com\/location-porsche-917-replica-courses\/#primaryimage"},"image":{"@id":"https:\/\/racinglegendcar.com\/location-porsche-917-replica-courses\/#primaryimage"},"thumbnailUrl":"https:\/\/racinglegendcar.com\/wp-content\/uploads\/2019\/01\/Logo-917-experience-blanc-et-rouge-300x122.png","datePublished":"2018-12-10T13:15:42+00:00","dateModified":"2020-11-12T10:06:11+00:00","description":"Racing Legend Car vous propose une Porsche 917 Replica \u00e0 la location pour les courses automobiles du circuit Porsche Classic Series","breadcrumb":{"@id":"https:\/\/racinglegendcar.com\/location-porsche-917-replica-courses\/#breadcrumb"},"inLanguage":"en-GB","potentialAction":[{"@type":"ReadAction","target":["https:\/\/racinglegendcar.com\/location-porsche-917-replica-courses\/"]}]},{"@type":"ImageObject","inLanguage":"en-GB","@id":"https:\/\/racinglegendcar.com\/location-porsche-917-replica-courses\/#primaryimage","url":"https:\/\/racinglegendcar.com\/wp-content\/uploads\/2019\/01\/Logo-917-experience-blanc-et-rouge-300x122.png","contentUrl":"https:\/\/racinglegendcar.com\/wp-content\/uploads\/2019\/01\/Logo-917-experience-blanc-et-rouge-300x122.png"},{"@type":"BreadcrumbList","@id":"https:\/\/racinglegendcar.com\/location-porsche-917-replica-courses\/#breadcrumb","itemListElement":[{"@type":"ListItem","position":1,"name":"Accueil","item":"https:\/\/racinglegendcar.com\/"},{"@type":"ListItem","position":2,"name":"917 exp\u00e9rience"}]},{"@type":"WebSite","@id":"https:\/\/racinglegendcar.com\/#website","url":"https:\/\/racinglegendcar.com\/","name":"Racing Legend Car","description":"Cr\u00e9ateur d&#039;adr\u00e9naline","publisher":{"@id":"https:\/\/racinglegendcar.com\/#organization"},"potentialAction":[{"@type":"SearchAction","target":{"@type":"EntryPoint","urlTemplate":"https:\/\/racinglegendcar.com\/?s={search_term_string}"},"query-input":{"@type":"PropertyValueSpecification","valueRequired":true,"valueName":"search_term_string"}}],"inLanguage":"en-GB"},{"@type":"Organization","@id":"https:\/\/racinglegendcar.com\/#organization","name":"Racing Legend Car","url":"https:\/\/racinglegendcar.com\/","logo":{"@type":"ImageObject","inLanguage":"en-GB","@id":"https:\/\/racinglegendcar.com\/#\/schema\/logo\/image\/","url":"https:\/\/racinglegendcar.com\/wp-content\/uploads\/2019\/07\/Racing-legend-car-porsche-917-replica-logo.png","contentUrl":"https:\/\/racinglegendcar.com\/wp-content\/uploads\/2019\/07\/Racing-legend-car-porsche-917-replica-logo.png","width":150,"height":83,"caption":"Racing Legend Car"},"image":{"@id":"https:\/\/racinglegendcar.com\/#\/schema\/logo\/image\/"}}]}},"_links":{"self":[{"href":"https:\/\/racinglegendcar.com\/en\/wp-json\/wp\/v2\/pages\/2050"}],"collection":[{"href":"https:\/\/racinglegendcar.com\/en\/wp-json\/wp\/v2\/pages"}],"about":[{"href":"https:\/\/racinglegendcar.com\/en\/wp-json\/wp\/v2\/types\/page"}],"author":[{"embeddable":true,"href":"https:\/\/racinglegendcar.com\/en\/wp-json\/wp\/v2\/users\/1"}],"replies":[{"embeddable":true,"href":"https:\/\/racinglegendcar.com\/en\/wp-json\/wp\/v2\/comments?post=2050"}],"version-history":[{"count":107,"href":"https:\/\/racinglegendcar.com\/en\/wp-json\/wp\/v2\/pages\/2050\/revisions"}],"predecessor-version":[{"id":3354,"href":"https:\/\/racinglegendcar.com\/en\/wp-json\/wp\/v2\/pages\/2050\/revisions\/3354"}],"wp:attachment":[{"href":"https:\/\/racinglegendcar.com\/en\/wp-json\/wp\/v2\/media?parent=2050"}],"curies":[{"name":"wp","href":"https:\/\/api.w.org\/{rel}","templated":true}]}}