{"id":2921,"date":"2019-11-14T14:54:33","date_gmt":"2019-11-14T13:54:33","guid":{"rendered":"https:\/\/racinglegendcar.com\/?page_id=2921"},"modified":"2023-01-03T15:05:59","modified_gmt":"2023-01-03T14:05:59","slug":"a-vendre","status":"publish","type":"page","link":"https:\/\/racinglegendcar.com\/en\/a-vendre\/","title":{"rendered":"For sale"},"content":{"rendered":"<div data-elementor-type=\"wp-page\" data-elementor-id=\"2921\" class=\"elementor elementor-2921\">\n\t\t\t\t\t\t<section class=\"elementor-section elementor-top-section elementor-element elementor-element-2b1efab9 elementor-section-stretched elementor-section-full_width elementor-section-height-default elementor-section-height-default\" data-id=\"2b1efab9\" data-element_type=\"section\" data-settings=\"{&quot;stretch_section&quot;:&quot;section-stretched&quot;,&quot;background_background&quot;:&quot;classic&quot;}\">\n\t\t\t\t\t\t<div class=\"elementor-container elementor-column-gap-default\">\n\t\t\t\t\t<div class=\"elementor-column elementor-col-50 elementor-top-column elementor-element elementor-element-4d5c56e6\" data-id=\"4d5c56e6\" data-element_type=\"column\" data-settings=\"{&quot;background_background&quot;:&quot;classic&quot;}\">\n\t\t\t<div class=\"elementor-widget-wrap elementor-element-populated\">\n\t\t\t\t\t\t<div class=\"elementor-element elementor-element-2802052e elementor-widget elementor-widget-heading\" data-id=\"2802052e\" data-element_type=\"widget\" data-widget_type=\"heading.default\">\n\t\t\t\t<div class=\"elementor-widget-container\">\n\t\t\t<h1 class=\"elementor-heading-title elementor-size-default\">For sale<\/h1>\t\t<\/div>\n\t\t\t\t<\/div>\n\t\t\t\t<div class=\"elementor-element elementor-element-2f2684ae elementor-widget elementor-widget-heading\" data-id=\"2f2684ae\" data-element_type=\"widget\" data-widget_type=\"heading.default\">\n\t\t\t\t<div class=\"elementor-widget-container\">\n\t\t\t<h2 class=\"elementor-heading-title elementor-size-default\">Toutes nos voitures disponibles \u00e0 la vente<\/h2>\t\t<\/div>\n\t\t\t\t<\/div>\n\t\t\t\t<div class=\"elementor-element elementor-element-1afd99b4 elementor-widget elementor-widget-spacer\" data-id=\"1afd99b4\" data-element_type=\"widget\" data-widget_type=\"spacer.default\">\n\t\t\t\t<div class=\"elementor-widget-container\">\n\t\t\t\t\t<div class=\"elementor-spacer\">\n\t\t\t<div class=\"elementor-spacer-inner\"><\/div>\n\t\t<\/div>\n\t\t\t\t<\/div>\n\t\t\t\t<\/div>\n\t\t\t\t\t<\/div>\n\t\t<\/div>\n\t\t\t\t<div class=\"elementor-column elementor-col-50 elementor-top-column elementor-element elementor-element-ecf8416\" data-id=\"ecf8416\" data-element_type=\"column\">\n\t\t\t<div class=\"elementor-widget-wrap\">\n\t\t\t\t\t\t\t<\/div>\n\t\t<\/div>\n\t\t\t\t\t<\/div>\n\t\t<\/section>\n\t\t\t\t<section class=\"elementor-section elementor-top-section elementor-element elementor-element-63c841d elementor-section-full_width elementor-section-height-default elementor-section-height-default\" data-id=\"63c841d\" data-element_type=\"section\">\n\t\t\t\t\t\t<div class=\"elementor-container elementor-column-gap-default\">\n\t\t\t\t\t<div class=\"elementor-column elementor-col-100 elementor-top-column elementor-element elementor-element-a2d4708\" data-id=\"a2d4708\" data-element_type=\"column\">\n\t\t\t<div class=\"elementor-widget-wrap elementor-element-populated\">\n\t\t\t\t\t\t<div class=\"elementor-element elementor-element-0dd9ef9 elementor-widget elementor-widget-heading\" data-id=\"0dd9ef9\" data-element_type=\"widget\" data-widget_type=\"heading.default\">\n\t\t\t\t<div class=\"elementor-widget-container\">\n\t\t\t<h2 class=\"elementor-heading-title elementor-size-default\">917 Racing & Emotion <\/h2>\t\t<\/div>\n\t\t\t\t<\/div>\n\t\t\t\t<div class=\"elementor-element elementor-element-f3c1f4b elementor-widget elementor-widget-image\" data-id=\"f3c1f4b\" data-element_type=\"widget\" data-widget_type=\"image.default\">\n\t\t\t\t<div class=\"elementor-widget-container\">\n\t\t\t\t\t\t\t\t\t\t\t\t\t<img fetchpriority=\"high\" decoding=\"async\" width=\"640\" height=\"480\" src=\"https:\/\/racinglegendcar.com\/wp-content\/uploads\/2020\/07\/racing-legend-car-917-replica-project-with-racing-emotion-5.jpg\" class=\"attachment-large size-large wp-image-3180\" alt=\"\" srcset=\"https:\/\/racinglegendcar.com\/wp-content\/uploads\/2020\/07\/racing-legend-car-917-replica-project-with-racing-emotion-5.jpg 640w, https:\/\/racinglegendcar.com\/wp-content\/uploads\/2020\/07\/racing-legend-car-917-replica-project-with-racing-emotion-5-300x225.jpg 300w\" sizes=\"(max-width: 640px) 100vw, 640px\" \/>\t\t\t\t\t\t\t\t\t\t\t\t\t<\/div>\n\t\t\t\t<\/div>\n\t\t\t\t<div class=\"elementor-element elementor-element-86f2dcf elementor-widget elementor-widget-gallery\" data-id=\"86f2dcf\" data-element_type=\"widget\" data-settings=\"{&quot;columns_mobile&quot;:2,&quot;lazyload&quot;:&quot;yes&quot;,&quot;gallery_layout&quot;:&quot;grid&quot;,&quot;columns&quot;:4,&quot;columns_tablet&quot;:2,&quot;gap&quot;:{&quot;unit&quot;:&quot;px&quot;,&quot;size&quot;:10,&quot;sizes&quot;:[]},&quot;gap_tablet&quot;:{&quot;unit&quot;:&quot;px&quot;,&quot;size&quot;:10,&quot;sizes&quot;:[]},&quot;gap_mobile&quot;:{&quot;unit&quot;:&quot;px&quot;,&quot;size&quot;:10,&quot;sizes&quot;:[]},&quot;link_to&quot;:&quot;file&quot;,&quot;aspect_ratio&quot;:&quot;3:2&quot;,&quot;overlay_background&quot;:&quot;yes&quot;,&quot;content_hover_animation&quot;:&quot;fade-in&quot;}\" data-widget_type=\"gallery.default\">\n\t\t\t\t<div class=\"elementor-widget-container\">\n\t\t\t\t\t<div class=\"elementor-gallery__container\">\n\t\t\t\t\t\t\t<a class=\"e-gallery-item elementor-gallery-item elementor-animated-content\" href=\"https:\/\/racinglegendcar.com\/wp-content\/uploads\/2020\/07\/racing-legend-car-917-replica-project-with-racing-emotion-4.jpg\" data-elementor-open-lightbox=\"yes\" data-elementor-lightbox-slideshow=\"all-86f2dcf\" data-elementor-lightbox-title=\"racing-legend-car-917-replica-project-with-racing-&amp;-emotion (4)\" data-e-action-hash=\"#elementor-action%3Aaction%3Dlightbox%26settings%3DeyJpZCI6MzE3OSwidXJsIjoiaHR0cHM6XC9cL3JhY2luZ2xlZ2VuZGNhci5jb21cL3dwLWNvbnRlbnRcL3VwbG9hZHNcLzIwMjBcLzA3XC9yYWNpbmctbGVnZW5kLWNhci05MTctcmVwbGljYS1wcm9qZWN0LXdpdGgtcmFjaW5nLWVtb3Rpb24tNC5qcGciLCJzbGlkZXNob3ciOiJhbGwtODZmMmRjZiJ9\">\n\t\t\t\t\t<div class=\"e-gallery-image elementor-gallery-item__image\" data-thumbnail=\"https:\/\/racinglegendcar.com\/wp-content\/uploads\/2020\/07\/racing-legend-car-917-replica-project-with-racing-emotion-4.jpg\" data-width=\"480\" data-height=\"640\" alt=\"\" ><\/div>\n\t\t\t\t\t\t\t\t\t\t\t<div class=\"elementor-gallery-item__overlay\"><\/div>\n\t\t\t\t\t\t\t\t\t\t\t\t\t\t<\/a>\n\t\t\t\t\t\t\t<a class=\"e-gallery-item elementor-gallery-item elementor-animated-content\" href=\"https:\/\/racinglegendcar.com\/wp-content\/uploads\/2020\/07\/racing-legend-car-917-replica-project-with-racing-emotion-3.jpg\" data-elementor-open-lightbox=\"yes\" data-elementor-lightbox-slideshow=\"all-86f2dcf\" data-elementor-lightbox-title=\"racing-legend-car-917-replica-project-with-racing-&amp;-emotion (3)\" data-e-action-hash=\"#elementor-action%3Aaction%3Dlightbox%26settings%3DeyJpZCI6MzE3OCwidXJsIjoiaHR0cHM6XC9cL3JhY2luZ2xlZ2VuZGNhci5jb21cL3dwLWNvbnRlbnRcL3VwbG9hZHNcLzIwMjBcLzA3XC9yYWNpbmctbGVnZW5kLWNhci05MTctcmVwbGljYS1wcm9qZWN0LXdpdGgtcmFjaW5nLWVtb3Rpb24tMy5qcGciLCJzbGlkZXNob3ciOiJhbGwtODZmMmRjZiJ9\">\n\t\t\t\t\t<div class=\"e-gallery-image elementor-gallery-item__image\" data-thumbnail=\"https:\/\/racinglegendcar.com\/wp-content\/uploads\/2020\/07\/racing-legend-car-917-replica-project-with-racing-emotion-3.jpg\" data-width=\"360\" data-height=\"640\" alt=\"\" ><\/div>\n\t\t\t\t\t\t\t\t\t\t\t<div class=\"elementor-gallery-item__overlay\"><\/div>\n\t\t\t\t\t\t\t\t\t\t\t\t\t\t<\/a>\n\t\t\t\t\t\t\t<a class=\"e-gallery-item elementor-gallery-item elementor-animated-content\" href=\"https:\/\/racinglegendcar.com\/wp-content\/uploads\/2020\/07\/racing-legend-car-917-replica-project-with-racing-emotion-2.jpg\" data-elementor-open-lightbox=\"yes\" data-elementor-lightbox-slideshow=\"all-86f2dcf\" data-elementor-lightbox-title=\"racing-legend-car-917-replica-project-with-racing-&amp;-emotion (2)\" data-e-action-hash=\"#elementor-action%3Aaction%3Dlightbox%26settings%3DeyJpZCI6MzE3NywidXJsIjoiaHR0cHM6XC9cL3JhY2luZ2xlZ2VuZGNhci5jb21cL3dwLWNvbnRlbnRcL3VwbG9hZHNcLzIwMjBcLzA3XC9yYWNpbmctbGVnZW5kLWNhci05MTctcmVwbGljYS1wcm9qZWN0LXdpdGgtcmFjaW5nLWVtb3Rpb24tMi5qcGciLCJzbGlkZXNob3ciOiJhbGwtODZmMmRjZiJ9\">\n\t\t\t\t\t<div class=\"e-gallery-image elementor-gallery-item__image\" data-thumbnail=\"https:\/\/racinglegendcar.com\/wp-content\/uploads\/2020\/07\/racing-legend-car-917-replica-project-with-racing-emotion-2.jpg\" data-width=\"640\" data-height=\"480\" alt=\"\" ><\/div>\n\t\t\t\t\t\t\t\t\t\t\t<div class=\"elementor-gallery-item__overlay\"><\/div>\n\t\t\t\t\t\t\t\t\t\t\t\t\t\t<\/a>\n\t\t\t\t\t\t\t<a class=\"e-gallery-item elementor-gallery-item elementor-animated-content\" href=\"https:\/\/racinglegendcar.com\/wp-content\/uploads\/2020\/07\/racing-legend-car-917-replica-project-with-racing-emotion-1.jpg\" data-elementor-open-lightbox=\"yes\" data-elementor-lightbox-slideshow=\"all-86f2dcf\" data-elementor-lightbox-title=\"racing-legend-car-917-replica-project-with-racing-&amp;-emotion (1)\" data-e-action-hash=\"#elementor-action%3Aaction%3Dlightbox%26settings%3DeyJpZCI6MzE3NiwidXJsIjoiaHR0cHM6XC9cL3JhY2luZ2xlZ2VuZGNhci5jb21cL3dwLWNvbnRlbnRcL3VwbG9hZHNcLzIwMjBcLzA3XC9yYWNpbmctbGVnZW5kLWNhci05MTctcmVwbGljYS1wcm9qZWN0LXdpdGgtcmFjaW5nLWVtb3Rpb24tMS5qcGciLCJzbGlkZXNob3ciOiJhbGwtODZmMmRjZiJ9\">\n\t\t\t\t\t<div class=\"e-gallery-image elementor-gallery-item__image\" data-thumbnail=\"https:\/\/racinglegendcar.com\/wp-content\/uploads\/2020\/07\/racing-legend-car-917-replica-project-with-racing-emotion-1.jpg\" data-width=\"360\" data-height=\"640\" alt=\"\" ><\/div>\n\t\t\t\t\t\t\t\t\t\t\t<div class=\"elementor-gallery-item__overlay\"><\/div>\n\t\t\t\t\t\t\t\t\t\t\t\t\t\t<\/a>\n\t\t\t\t\t<\/div>\n\t\t\t<\/div>\n\t\t\t\t<\/div>\n\t\t\t\t<div class=\"elementor-element elementor-element-ac8e31b elementor-widget elementor-widget-text-editor\" data-id=\"ac8e31b\" data-element_type=\"widget\" data-widget_type=\"text-editor.default\">\n\t\t\t\t<div class=\"elementor-widget-container\">\n\t\t\t\t\t\t\t<p>Issue de notre toute derni\u00e8re collaboration avec la soci\u00e9t\u00e9 mancelle <a href=\"https:\/\/www.racing-emotion.com\/\">Racing &amp; Emotion<\/a> cette 917 poss\u00e8de un look unique !<\/p><p>Moteur Flat 6 Porsche 3.6L refroidissement par air<br \/>Puissance : 357 CV<br \/>Boite de vitesse Porsche manuelle\u00a0 6 vitesses<br \/>Arbres \u00e0 cames type RSR<br \/>Freinage AP Racing\u00a0<br \/>Voiture visible en France<\/p><p><strong>Price : send an email<\/strong><\/p>\t\t\t\t\t\t<\/div>\n\t\t\t\t<\/div>\n\t\t\t\t\t<\/div>\n\t\t<\/div>\n\t\t\t\t\t<\/div>\n\t\t<\/section>\n\t\t\t\t<\/div>","protected":false},"excerpt":{"rendered":"<p>A vendre Toutes nos voitures disponibles \u00e0 la vente 917 Racing &#038; Emotion Issue de notre toute derni\u00e8re collaboration avec la soci\u00e9t\u00e9 mancelle Racing &amp; Emotion cette 917 poss\u00e8de un look unique ! Moteur Flat 6 Porsche 3.6L refroidissement par airPuissance : 357 CVBoite de vitesse Porsche manuelle\u00a0 6 vitessesArbres \u00e0 cames type RSRFreinage AP [&hellip;]<\/p>\n","protected":false},"author":1,"featured_media":0,"parent":0,"menu_order":0,"comment_status":"closed","ping_status":"closed","template":"","meta":{"_monsterinsights_skip_tracking":false,"_monsterinsights_sitenote_active":false,"_monsterinsights_sitenote_note":"","_monsterinsights_sitenote_category":0,"ocean_post_layout":"","ocean_both_sidebars_style":"","ocean_both_sidebars_content_width":0,"ocean_both_sidebars_sidebars_width":0,"ocean_sidebar":"","ocean_second_sidebar":"","ocean_disable_margins":"enable","ocean_add_body_class":"","ocean_shortcode_before_top_bar":"","ocean_shortcode_after_top_bar":"","ocean_shortcode_before_header":"","ocean_shortcode_after_header":"","ocean_has_shortcode":"","ocean_shortcode_after_title":"","ocean_shortcode_before_footer_widgets":"","ocean_shortcode_after_footer_widgets":"","ocean_shortcode_before_footer_bottom":"","ocean_shortcode_after_footer_bottom":"","ocean_display_top_bar":"default","ocean_display_header":"default","ocean_header_style":"","ocean_center_header_left_menu":"","ocean_custom_header_template":"","ocean_custom_logo":0,"ocean_custom_retina_logo":0,"ocean_custom_logo_max_width":0,"ocean_custom_logo_tablet_max_width":0,"ocean_custom_logo_mobile_max_width":0,"ocean_custom_logo_max_height":0,"ocean_custom_logo_tablet_max_height":0,"ocean_custom_logo_mobile_max_height":0,"ocean_header_custom_menu":"","ocean_menu_typo_font_family":"","ocean_menu_typo_font_subset":"","ocean_menu_typo_font_size":0,"ocean_menu_typo_font_size_tablet":0,"ocean_menu_typo_font_size_mobile":0,"ocean_menu_typo_font_size_unit":"px","ocean_menu_typo_font_weight":"","ocean_menu_typo_font_weight_tablet":"","ocean_menu_typo_font_weight_mobile":"","ocean_menu_typo_transform":"","ocean_menu_typo_transform_tablet":"","ocean_menu_typo_transform_mobile":"","ocean_menu_typo_line_height":0,"ocean_menu_typo_line_height_tablet":0,"ocean_menu_typo_line_height_mobile":0,"ocean_menu_typo_line_height_unit":"","ocean_menu_typo_spacing":0,"ocean_menu_typo_spacing_tablet":0,"ocean_menu_typo_spacing_mobile":0,"ocean_menu_typo_spacing_unit":"","ocean_menu_link_color":"","ocean_menu_link_color_hover":"","ocean_menu_link_color_active":"","ocean_menu_link_background":"","ocean_menu_link_hover_background":"","ocean_menu_link_active_background":"","ocean_menu_social_links_bg":"","ocean_menu_social_hover_links_bg":"","ocean_menu_social_links_color":"","ocean_menu_social_hover_links_color":"","ocean_disable_title":"default","ocean_disable_heading":"default","ocean_post_title":"","ocean_post_subheading":"","ocean_post_title_style":"","ocean_post_title_background_color":"","ocean_post_title_background":0,"ocean_post_title_bg_image_position":"","ocean_post_title_bg_image_attachment":"","ocean_post_title_bg_image_repeat":"","ocean_post_title_bg_image_size":"","ocean_post_title_height":0,"ocean_post_title_bg_overlay":0.5,"ocean_post_title_bg_overlay_color":"","ocean_disable_breadcrumbs":"default","ocean_breadcrumbs_color":"","ocean_breadcrumbs_separator_color":"","ocean_breadcrumbs_links_color":"","ocean_breadcrumbs_links_hover_color":"","ocean_display_footer_widgets":"default","ocean_display_footer_bottom":"default","ocean_custom_footer_template":"","footnotes":""},"yoast_head":"<!-- This site is optimized with the Yoast SEO plugin v24.5 - https:\/\/yoast.com\/wordpress\/plugins\/seo\/ -->\n<title>Racing Legend Car - Voitures \u00e0 vendre - 917, GT40, Lola T70 replica<\/title>\n<meta name=\"description\" content=\"Toutes nos voitures de courses neuves et d&#039;occasions disponibles \u00e0 la vente sont rassembl\u00e9es ici. Pour plus d&#039;information merci de consulter les annonces.\" \/>\n<meta name=\"robots\" content=\"index, follow, max-snippet:-1, max-image-preview:large, max-video-preview:-1\" \/>\n<link rel=\"canonical\" href=\"https:\/\/racinglegendcar.com\/en\/a-vendre\/\" \/>\n<meta property=\"og:locale\" content=\"en_GB\" \/>\n<meta property=\"og:type\" content=\"article\" \/>\n<meta property=\"og:title\" content=\"Racing Legend Car - Voitures \u00e0 vendre - 917, GT40, Lola T70 replica\" \/>\n<meta property=\"og:description\" content=\"Toutes nos voitures de courses neuves et d&#039;occasions disponibles \u00e0 la vente sont rassembl\u00e9es ici. Pour plus d&#039;information merci de consulter les annonces.\" \/>\n<meta property=\"og:url\" content=\"https:\/\/racinglegendcar.com\/en\/a-vendre\/\" \/>\n<meta property=\"og:site_name\" content=\"Racing Legend Car\" \/>\n<meta property=\"article:modified_time\" content=\"2023-01-03T14:05:59+00:00\" \/>\n<meta property=\"og:image\" content=\"https:\/\/racinglegendcar.com\/wp-content\/uploads\/2020\/07\/racing-legend-car-917-replica-project-with-racing-emotion-5.jpg\" \/>\n<meta name=\"twitter:card\" content=\"summary_large_image\" \/>\n<meta name=\"twitter:label1\" content=\"Estimated reading time\" \/>\n\t<meta name=\"twitter:data1\" content=\"1 minute\" \/>\n<script type=\"application\/ld+json\" class=\"yoast-schema-graph\">{\"@context\":\"https:\/\/schema.org\",\"@graph\":[{\"@type\":\"WebPage\",\"@id\":\"https:\/\/racinglegendcar.com\/a-vendre\/\",\"url\":\"https:\/\/racinglegendcar.com\/a-vendre\/\",\"name\":\"Racing Legend Car - Voitures \u00e0 vendre - 917, GT40, Lola T70 replica\",\"isPartOf\":{\"@id\":\"https:\/\/racinglegendcar.com\/#website\"},\"primaryImageOfPage\":{\"@id\":\"https:\/\/racinglegendcar.com\/a-vendre\/#primaryimage\"},\"image\":{\"@id\":\"https:\/\/racinglegendcar.com\/a-vendre\/#primaryimage\"},\"thumbnailUrl\":\"https:\/\/racinglegendcar.com\/wp-content\/uploads\/2020\/07\/racing-legend-car-917-replica-project-with-racing-emotion-5.jpg\",\"datePublished\":\"2019-11-14T13:54:33+00:00\",\"dateModified\":\"2023-01-03T14:05:59+00:00\",\"description\":\"Toutes nos voitures de courses neuves et d'occasions disponibles \u00e0 la vente sont rassembl\u00e9es ici. Pour plus d'information merci de consulter les annonces.\",\"breadcrumb\":{\"@id\":\"https:\/\/racinglegendcar.com\/a-vendre\/#breadcrumb\"},\"inLanguage\":\"en-GB\",\"potentialAction\":[{\"@type\":\"ReadAction\",\"target\":[\"https:\/\/racinglegendcar.com\/a-vendre\/\"]}]},{\"@type\":\"ImageObject\",\"inLanguage\":\"en-GB\",\"@id\":\"https:\/\/racinglegendcar.com\/a-vendre\/#primaryimage\",\"url\":\"https:\/\/racinglegendcar.com\/wp-content\/uploads\/2020\/07\/racing-legend-car-917-replica-project-with-racing-emotion-5.jpg\",\"contentUrl\":\"https:\/\/racinglegendcar.com\/wp-content\/uploads\/2020\/07\/racing-legend-car-917-replica-project-with-racing-emotion-5.jpg\"},{\"@type\":\"BreadcrumbList\",\"@id\":\"https:\/\/racinglegendcar.com\/a-vendre\/#breadcrumb\",\"itemListElement\":[{\"@type\":\"ListItem\",\"position\":1,\"name\":\"Accueil\",\"item\":\"https:\/\/racinglegendcar.com\/\"},{\"@type\":\"ListItem\",\"position\":2,\"name\":\"A vendre\"}]},{\"@type\":\"WebSite\",\"@id\":\"https:\/\/racinglegendcar.com\/#website\",\"url\":\"https:\/\/racinglegendcar.com\/\",\"name\":\"Racing Legend Car\",\"description\":\"Cr\u00e9ateur d&#039;adr\u00e9naline\",\"publisher\":{\"@id\":\"https:\/\/racinglegendcar.com\/#organization\"},\"potentialAction\":[{\"@type\":\"SearchAction\",\"target\":{\"@type\":\"EntryPoint\",\"urlTemplate\":\"https:\/\/racinglegendcar.com\/?s={search_term_string}\"},\"query-input\":{\"@type\":\"PropertyValueSpecification\",\"valueRequired\":true,\"valueName\":\"search_term_string\"}}],\"inLanguage\":\"en-GB\"},{\"@type\":\"Organization\",\"@id\":\"https:\/\/racinglegendcar.com\/#organization\",\"name\":\"Racing Legend Car\",\"url\":\"https:\/\/racinglegendcar.com\/\",\"logo\":{\"@type\":\"ImageObject\",\"inLanguage\":\"en-GB\",\"@id\":\"https:\/\/racinglegendcar.com\/#\/schema\/logo\/image\/\",\"url\":\"https:\/\/racinglegendcar.com\/wp-content\/uploads\/2019\/07\/Racing-legend-car-porsche-917-replica-logo.png\",\"contentUrl\":\"https:\/\/racinglegendcar.com\/wp-content\/uploads\/2019\/07\/Racing-legend-car-porsche-917-replica-logo.png\",\"width\":150,\"height\":83,\"caption\":\"Racing Legend Car\"},\"image\":{\"@id\":\"https:\/\/racinglegendcar.com\/#\/schema\/logo\/image\/\"}}]}<\/script>\n<!-- \/ Yoast SEO plugin. -->","yoast_head_json":{"title":"Racing Legend Car - Voitures \u00e0 vendre - 917, GT40, Lola T70 replica","description":"Toutes nos voitures de courses neuves et d'occasions disponibles \u00e0 la vente sont rassembl\u00e9es ici. Pour plus d'information merci de consulter les annonces.","robots":{"index":"index","follow":"follow","max-snippet":"max-snippet:-1","max-image-preview":"max-image-preview:large","max-video-preview":"max-video-preview:-1"},"canonical":"https:\/\/racinglegendcar.com\/en\/a-vendre\/","og_locale":"en_GB","og_type":"article","og_title":"Racing Legend Car - Voitures \u00e0 vendre - 917, GT40, Lola T70 replica","og_description":"Toutes nos voitures de courses neuves et d'occasions disponibles \u00e0 la vente sont rassembl\u00e9es ici. Pour plus d'information merci de consulter les annonces.","og_url":"https:\/\/racinglegendcar.com\/en\/a-vendre\/","og_site_name":"Racing Legend Car","article_modified_time":"2023-01-03T14:05:59+00:00","og_image":[{"url":"https:\/\/racinglegendcar.com\/wp-content\/uploads\/2020\/07\/racing-legend-car-917-replica-project-with-racing-emotion-5.jpg","type":"","width":"","height":""}],"twitter_card":"summary_large_image","twitter_misc":{"Estimated reading time":"1 minute"},"schema":{"@context":"https:\/\/schema.org","@graph":[{"@type":"WebPage","@id":"https:\/\/racinglegendcar.com\/a-vendre\/","url":"https:\/\/racinglegendcar.com\/a-vendre\/","name":"Racing Legend Car - Voitures \u00e0 vendre - 917, GT40, Lola T70 replica","isPartOf":{"@id":"https:\/\/racinglegendcar.com\/#website"},"primaryImageOfPage":{"@id":"https:\/\/racinglegendcar.com\/a-vendre\/#primaryimage"},"image":{"@id":"https:\/\/racinglegendcar.com\/a-vendre\/#primaryimage"},"thumbnailUrl":"https:\/\/racinglegendcar.com\/wp-content\/uploads\/2020\/07\/racing-legend-car-917-replica-project-with-racing-emotion-5.jpg","datePublished":"2019-11-14T13:54:33+00:00","dateModified":"2023-01-03T14:05:59+00:00","description":"Toutes nos voitures de courses neuves et d'occasions disponibles \u00e0 la vente sont rassembl\u00e9es ici. Pour plus d'information merci de consulter les annonces.","breadcrumb":{"@id":"https:\/\/racinglegendcar.com\/a-vendre\/#breadcrumb"},"inLanguage":"en-GB","potentialAction":[{"@type":"ReadAction","target":["https:\/\/racinglegendcar.com\/a-vendre\/"]}]},{"@type":"ImageObject","inLanguage":"en-GB","@id":"https:\/\/racinglegendcar.com\/a-vendre\/#primaryimage","url":"https:\/\/racinglegendcar.com\/wp-content\/uploads\/2020\/07\/racing-legend-car-917-replica-project-with-racing-emotion-5.jpg","contentUrl":"https:\/\/racinglegendcar.com\/wp-content\/uploads\/2020\/07\/racing-legend-car-917-replica-project-with-racing-emotion-5.jpg"},{"@type":"BreadcrumbList","@id":"https:\/\/racinglegendcar.com\/a-vendre\/#breadcrumb","itemListElement":[{"@type":"ListItem","position":1,"name":"Accueil","item":"https:\/\/racinglegendcar.com\/"},{"@type":"ListItem","position":2,"name":"A vendre"}]},{"@type":"WebSite","@id":"https:\/\/racinglegendcar.com\/#website","url":"https:\/\/racinglegendcar.com\/","name":"Racing Legend Car","description":"Cr\u00e9ateur d&#039;adr\u00e9naline","publisher":{"@id":"https:\/\/racinglegendcar.com\/#organization"},"potentialAction":[{"@type":"SearchAction","target":{"@type":"EntryPoint","urlTemplate":"https:\/\/racinglegendcar.com\/?s={search_term_string}"},"query-input":{"@type":"PropertyValueSpecification","valueRequired":true,"valueName":"search_term_string"}}],"inLanguage":"en-GB"},{"@type":"Organization","@id":"https:\/\/racinglegendcar.com\/#organization","name":"Racing Legend Car","url":"https:\/\/racinglegendcar.com\/","logo":{"@type":"ImageObject","inLanguage":"en-GB","@id":"https:\/\/racinglegendcar.com\/#\/schema\/logo\/image\/","url":"https:\/\/racinglegendcar.com\/wp-content\/uploads\/2019\/07\/Racing-legend-car-porsche-917-replica-logo.png","contentUrl":"https:\/\/racinglegendcar.com\/wp-content\/uploads\/2019\/07\/Racing-legend-car-porsche-917-replica-logo.png","width":150,"height":83,"caption":"Racing Legend Car"},"image":{"@id":"https:\/\/racinglegendcar.com\/#\/schema\/logo\/image\/"}}]}},"_links":{"self":[{"href":"https:\/\/racinglegendcar.com\/en\/wp-json\/wp\/v2\/pages\/2921"}],"collection":[{"href":"https:\/\/racinglegendcar.com\/en\/wp-json\/wp\/v2\/pages"}],"about":[{"href":"https:\/\/racinglegendcar.com\/en\/wp-json\/wp\/v2\/types\/page"}],"author":[{"embeddable":true,"href":"https:\/\/racinglegendcar.com\/en\/wp-json\/wp\/v2\/users\/1"}],"replies":[{"embeddable":true,"href":"https:\/\/racinglegendcar.com\/en\/wp-json\/wp\/v2\/comments?post=2921"}],"version-history":[{"count":51,"href":"https:\/\/racinglegendcar.com\/en\/wp-json\/wp\/v2\/pages\/2921\/revisions"}],"predecessor-version":[{"id":3451,"href":"https:\/\/racinglegendcar.com\/en\/wp-json\/wp\/v2\/pages\/2921\/revisions\/3451"}],"wp:attachment":[{"href":"https:\/\/racinglegendcar.com\/en\/wp-json\/wp\/v2\/media?parent=2921"}],"curies":[{"name":"wp","href":"https:\/\/api.w.org\/{rel}","templated":true}]}}